{"id":699,"date":"2021-10-19T17:50:47","date_gmt":"2021-10-19T15:50:47","guid":{"rendered":"https:\/\/www.chaletbonamour.com\/chalet-in-savoie-saint-sorlin-darves\/"},"modified":"2023-01-26T14:31:14","modified_gmt":"2023-01-26T13:31:14","slug":"chalet-in-savoie-saint-sorlin-darves","status":"publish","type":"page","link":"https:\/\/www.chaletbonamour.com\/de\/","title":{"rendered":"Chalet in Savoie (Saint Sorlin d&#8217;Arves)"},"content":{"rendered":"<p>[et_pb_section fb_built=&#8220;1&#8243; custom_padding_last_edited=&#8220;on|desktop&#8220; _builder_version=&#8220;4.16&#8243; custom_padding=&#8220;110px||110px|&#8220; custom_padding_tablet=&#8220;80px||80px||false|false&#8220; custom_padding_phone=&#8220;50px||50px||false|false&#8220; global_colors_info=&#8220;{}&#8220;][et_pb_row column_structure=&#8220;1_2,1_2&#8243; _builder_version=&#8220;4.16&#8243; global_colors_info=&#8220;{}&#8220;][et_pb_column type=&#8220;1_2&#8243; _builder_version=&#8220;4.16&#8243; custom_padding=&#8220;|||&#8220; global_colors_info=&#8220;{}&#8220; custom_padding__hover=&#8220;|||&#8220;][et_pb_text admin_label=&#8220;Discover Beatuty Title&#8220; _builder_version=&#8220;4.16&#8243; global_colors_info=&#8220;{}&#8220;]<\/p>\n<h2>Gem\u00fctliches &amp;<\/h2>\n<h2>Komfortables Berghaus<\/h2>\n<h2>in Savoie.<\/h2>\n<p>[\/et_pb_text][et_pb_divider _builder_version=&#8220;4.16&#8243; global_colors_info=&#8220;{}&#8220;][\/et_pb_divider][et_pb_text admin_label=&#8220;Discover Beatuty Text&#8220; _builder_version=&#8220;4.16&#8243; global_colors_info=&#8220;{}&#8220;]<\/p>\n<p>Wir freuen uns, Sie in unserem dreist\u00f6ckigen Chalet w\u00e4hrend der <strong>Skisaison<strong>, aber <strong>auch das ganze Jahr \u00fcber begr\u00fc\u00dfen zu d\u00fcrfen<strong>.<\/p>\n<p>Es befindet sich in dem typischen Dorf St Sorlin d&#8217;Arves in <strong>Savoie<\/strong> und erm\u00f6glicht Ihnen einen einfachen Zugang zum <a href=\"https:\/\/www.sybelles.ski\/\" target=\"_blank\" rel=\"noopener\"><strong>Skigebiet von Sybelles.<\/strong><\/a>.<\/p>\n<p>[\/et_pb_text][et_pb_button button_url=&#8220;@ET-DC@eyJkeW5hbWljIjp0cnVlLCJjb250ZW50IjoicG9zdF9saW5rX3VybF9wYWdlIiwic2V0dGluZ3MiOnsicG9zdF9pZCI6IjE1NyJ9fQ==@&#8220; button_text=&#8220;Mehr \u00fcber das Chalet&#8220; button_alignment=&#8220;left&#8220; _builder_version=&#8220;4.16&#8243; _dynamic_attributes=&#8220;button_url&#8220; button_icon=&#8220;&#x24;||divi||400&#8243; button_icon_color=&#8220;#1a1a1a&#8220; background_layout=&#8220;dark&#8220; button_border_color_hover=&#8220;#1a1a1a&#8220; button_border_radius_hover=&#8220;0px&#8220; button_letter_spacing_hover=&#8220;4px&#8220; button_bg_color_hover=&#8220;rgba(0,0,0,0)&#8220; locked=&#8220;off&#8220; global_colors_info=&#8220;{}&#8220; button_text_size__hover_enabled=&#8220;off&#8220; button_one_text_size__hover_enabled=&#8220;off&#8220; button_two_text_size__hover_enabled=&#8220;off&#8220; button_text_color__hover_enabled=&#8220;off&#8220; button_one_text_color__hover_enabled=&#8220;off&#8220; button_two_text_color__hover_enabled=&#8220;off&#8220; button_border_width__hover_enabled=&#8220;off&#8220; button_one_border_width__hover_enabled=&#8220;off&#8220; button_two_border_width__hover_enabled=&#8220;off&#8220; button_border_color__hover_enabled=&#8220;on&#8220; button_border_color__hover=&#8220;#1a1a1a&#8220; button_one_border_color__hover_enabled=&#8220;off&#8220; button_two_border_color__hover_enabled=&#8220;off&#8220; button_border_radius__hover_enabled=&#8220;on&#8220; button_border_radius__hover=&#8220;0px&#8220; button_one_border_radius__hover_enabled=&#8220;off&#8220; button_two_border_radius__hover_enabled=&#8220;off&#8220; button_letter_spacing__hover_enabled=&#8220;on&#8220; button_letter_spacing__hover=&#8220;4px&#8220; button_one_letter_spacing__hover_enabled=&#8220;off&#8220; button_two_letter_spacing__hover_enabled=&#8220;off&#8220; button_bg_color__hover_enabled=&#8220;on&#8220; button_bg_color__hover=&#8220;rgba(0,0,0,0)&#8220; button_one_bg_color__hover_enabled=&#8220;off&#8220; button_two_bg_color__hover_enabled=&#8220;off&#8220;][\/et_pb_button][\/et_pb_column][et_pb_column type=&#8220;1_2&#8243; _builder_version=&#8220;4.16&#8243; custom_padding=&#8220;|||&#8220; global_colors_info=&#8220;{}&#8220; custom_padding__hover=&#8220;|||&#8220;][et_pb_image src=&#8220;https:\/\/www.chaletbonamour.com\/wp-content\/uploads\/visuel-chalet-3niveaux.jpg&#8220; title_text=&#8220;Das Hauptschlafzimmer&#8220; force_fullwidth=&#8220;on&#8220; align_tablet=&#8220;center&#8220; align_phone=&#8220;&#8220; align_last_edited=&#8220;on|desktop&#8220; _builder_version=&#8220;4.16&#8243; custom_margin=&#8220;90px|||3px||&#8220; animation_style=&#8220;fold&#8220; animation_direction=&#8220;right&#8220; animation_intensity_fold=&#8220;20%&#8220; animation=&#8220;fade_in&#8220; global_colors_info=&#8220;{}&#8220;][\/et_pb_image][\/et_pb_column][\/et_pb_row][\/et_pb_section][et_pb_section fb_built=&#8220;1&#8243; admin_label=&#8220;CTA&#8220; _builder_version=&#8220;3.22&#8243; background_image=&#8220;https:\/\/www.chaletbonamour.com\/wp-content\/uploads\/2021\/10\/travel-landscape-13.png&#8220; parallax=&#8220;on&#8220; custom_margin=&#8220;|||&#8220; custom_padding=&#8220;0px|||&#8220; global_module=&#8220;412&#8243; saved_tabs=&#8220;all&#8220; global_colors_info=&#8220;{}&#8220;][et_pb_row use_custom_gutter=&#8220;on&#8220; gutter_width=&#8220;1&#8243; custom_padding_last_edited=&#8220;on|tablet&#8220; module_class=&#8220; et_pb_row_fullwidth&#8220; _builder_version=&#8220;4.16&#8243; use_background_color_gradient=&#8220;on&#8220; background_color_gradient_stops=&#8220;#ffffff 0%|rgba(255,255,255,0) 22%&#8220; background_color_gradient_start=&#8220;#ffffff&#8220; background_color_gradient_end=&#8220;rgba(255,255,255,0)&#8220; background_color_gradient_end_position=&#8220;22%&#8220; background_size=&#8220;initial&#8220; background_position=&#8220;top_left&#8220; background_repeat=&#8220;repeat&#8220; width=&#8220;100%&#8220; width_tablet=&#8220;100%&#8220; width_phone=&#8220;&#8220; width_last_edited=&#8220;on|desktop&#8220; max_width=&#8220;100%&#8220; max_width_tablet=&#8220;100%&#8220; max_width_phone=&#8220;&#8220; max_width_last_edited=&#8220;on|desktop&#8220; custom_padding=&#8220;220px|0px|220px|0px&#8220; custom_padding_tablet=&#8220;0px|||&#8220; custom_padding_phone=&#8220;&#8220; make_fullwidth=&#8220;on&#8220; global_colors_info=&#8220;{}&#8220;][et_pb_column type=&#8220;4_4&#8243; _builder_version=&#8220;4.16&#8243; custom_padding=&#8220;|||&#8220; global_colors_info=&#8220;{}&#8220; custom_padding__hover=&#8220;|||&#8220;][et_pb_text admin_label=&#8220;CTA Section Title&#8220; _builder_version=&#8220;4.16&#8243; header_2_text_align=&#8220;center&#8220; custom_padding=&#8220;||70px||false|false&#8220; custom_padding_tablet=&#8220;||70px||false|false&#8220; custom_padding_phone=&#8220;||40px||false|false&#8220; custom_padding_last_edited=&#8220;on|phone&#8220; animation_intensity_slide=&#8220;10%&#8220; locked=&#8220;off&#8220; global_colors_info=&#8220;{}&#8220;]<\/p>\n<h2>Weitere Informationen<\/h2>\n<p>[\/et_pb_text][et_pb_button button_url=&#8220;@ET-DC@eyJkeW5hbWljIjp0cnVlLCJjb250ZW50IjoicG9zdF9saW5rX3VybF9wYWdlIiwic2V0dGluZ3MiOnsicG9zdF9pZCI6IjMwNCJ9fQ==@&#8220; button_text=&#8220;Kontakt&#8220; button_alignment=&#8220;center&#8220; _builder_version=&#8220;4.16&#8243; _dynamic_attributes=&#8220;button_url&#8220; button_icon=&#8220;&#x24;||divi||400&#8243; button_icon_color=&#8220;#1a1a1a&#8220; button_border_color_hover=&#8220;#1a1a1a&#8220; button_border_radius_hover=&#8220;0px&#8220; button_letter_spacing_hover=&#8220;4px&#8220; button_bg_color_hover=&#8220;rgba(0,0,0,0)&#8220; locked=&#8220;off&#8220; global_colors_info=&#8220;{}&#8220; button_text_size__hover_enabled=&#8220;off&#8220; button_one_text_size__hover_enabled=&#8220;off&#8220; button_two_text_size__hover_enabled=&#8220;off&#8220; button_text_color__hover_enabled=&#8220;off&#8220; button_one_text_color__hover_enabled=&#8220;off&#8220; button_two_text_color__hover_enabled=&#8220;off&#8220; button_border_width__hover_enabled=&#8220;off&#8220; button_one_border_width__hover_enabled=&#8220;off&#8220; button_two_border_width__hover_enabled=&#8220;off&#8220; button_border_color__hover_enabled=&#8220;on&#8220; button_border_color__hover=&#8220;#1a1a1a&#8220; button_one_border_color__hover_enabled=&#8220;off&#8220; button_two_border_color__hover_enabled=&#8220;off&#8220; button_border_radius__hover_enabled=&#8220;on&#8220; button_border_radius__hover=&#8220;0px&#8220; button_one_border_radius__hover_enabled=&#8220;off&#8220; button_two_border_radius__hover_enabled=&#8220;off&#8220; button_letter_spacing__hover_enabled=&#8220;on&#8220; button_letter_spacing__hover=&#8220;4px&#8220; button_one_letter_spacing__hover_enabled=&#8220;off&#8220; button_two_letter_spacing__hover_enabled=&#8220;off&#8220; button_bg_color__hover_enabled=&#8220;on&#8220; button_bg_color__hover=&#8220;rgba(0,0,0,0)&#8220; button_one_bg_color__hover_enabled=&#8220;off&#8220; button_two_bg_color__hover_enabled=&#8220;off&#8220;][\/et_pb_button][et_pb_image src=&#8220;https:\/\/www.chaletbonamour.com\/wp-content\/uploads\/2021\/10\/couple2.png&#8220; show_bottom_space=&#8220;off&#8220; align=&#8220;center&#8220; align_tablet=&#8220;center&#8220; align_phone=&#8220;&#8220; align_last_edited=&#8220;on|desktop&#8220; _builder_version=&#8220;4.16&#8243; custom_margin=&#8220;100px|||&#8220; animation_direction=&#8220;left&#8220; global_colors_info=&#8220;{}&#8220;][\/et_pb_image][\/et_pb_column][\/et_pb_row][\/et_pb_section]<\/p>\n","protected":false},"excerpt":{"rendered":"<p>Gem\u00fctliches &amp; Komfortables Berghaus in Savoie.Wir freuen uns, Sie in unserem dreist\u00f6ckigen Chalet w\u00e4hrend der Skisaison, aber auch das ganze Jahr \u00fcber begr\u00fc\u00dfen zu d\u00fcrfen. Es befindet sich in dem typischen Dorf St Sorlin d&#8217;Arves in Savoie und erm\u00f6glicht Ihnen einen einfachen Zugang zum Skigebiet von Sybelles..Weitere Informationen<\/p>\n","protected":false},"author":2,"featured_media":0,"parent":0,"menu_order":0,"comment_status":"closed","ping_status":"closed","template":"","meta":{"_et_pb_use_builder":"on","_et_pb_old_content":"","_et_gb_content_width":"","footnotes":""},"class_list":["post-699","page","type-page","status-publish","hentry"],"yoast_head":"<!-- This site is optimized with the Yoast SEO plugin v27.4 - https:\/\/yoast.com\/product\/yoast-seo-wordpress\/ -->\n<title>Chalet in Savoie (Saint Sorlin d&#039;Arves) | Chalet Bon Amour<\/title>\n<meta name=\"robots\" content=\"index, follow, max-snippet:-1, max-image-preview:large, max-video-preview:-1\" \/>\n<link rel=\"canonical\" href=\"https:\/\/www.chaletbonamour.com\/\" \/>\n<meta property=\"og:locale\" content=\"de_DE\" \/>\n<meta property=\"og:type\" content=\"article\" \/>\n<meta property=\"og:title\" content=\"Chalet in Savoie (Saint Sorlin d&#039;Arves) | Chalet Bon Amour\" \/>\n<meta property=\"og:description\" content=\"Gem\u00fctliches &amp; Komfortables Berghaus in Savoie.Wir freuen uns, Sie in unserem dreist\u00f6ckigen Chalet w\u00e4hrend der Skisaison, aber auch das ganze Jahr \u00fcber begr\u00fc\u00dfen zu d\u00fcrfen. Es befindet sich in dem typischen Dorf St Sorlin d&#039;Arves in Savoie und erm\u00f6glicht Ihnen einen einfachen Zugang zum Skigebiet von Sybelles..Weitere Informationen\" \/>\n<meta property=\"og:url\" content=\"https:\/\/www.chaletbonamour.com\/\" \/>\n<meta property=\"og:site_name\" content=\"Chalet Bon Amour\" \/>\n<meta property=\"article:modified_time\" content=\"2023-01-26T13:31:14+00:00\" \/>\n<meta name=\"twitter:card\" content=\"summary_large_image\" \/>\n<script type=\"application\/ld+json\" class=\"yoast-schema-graph\">{\"@context\":\"https:\\\/\\\/schema.org\",\"@graph\":[{\"@type\":\"WebPage\",\"@id\":\"https:\\\/\\\/www.chaletbonamour.com\\\/\",\"url\":\"https:\\\/\\\/www.chaletbonamour.com\\\/\",\"name\":\"Chalet in Savoie (Saint Sorlin d'Arves) | Chalet Bon Amour\",\"isPartOf\":{\"@id\":\"https:\\\/\\\/www.chaletbonamour.com\\\/#website\"},\"datePublished\":\"2021-10-19T15:50:47+00:00\",\"dateModified\":\"2023-01-26T13:31:14+00:00\",\"breadcrumb\":{\"@id\":\"https:\\\/\\\/www.chaletbonamour.com\\\/#breadcrumb\"},\"inLanguage\":\"de\",\"potentialAction\":[{\"@type\":\"ReadAction\",\"target\":[\"https:\\\/\\\/www.chaletbonamour.com\\\/\"]}]},{\"@type\":\"BreadcrumbList\",\"@id\":\"https:\\\/\\\/www.chaletbonamour.com\\\/#breadcrumb\",\"itemListElement\":[{\"@type\":\"ListItem\",\"position\":1,\"name\":\"Accueil\",\"item\":\"https:\\\/\\\/www.chaletbonamour.com\\\/\"},{\"@type\":\"ListItem\",\"position\":2,\"name\":\"Chalet in Savoie (Saint Sorlin d&rsquo;Arves)\"}]},{\"@type\":\"WebSite\",\"@id\":\"https:\\\/\\\/www.chaletbonamour.com\\\/#website\",\"url\":\"https:\\\/\\\/www.chaletbonamour.com\\\/\",\"name\":\"Chalet Bon Amour\",\"description\":\"Location d&#039;un chalet meubl\u00e9 \u00e0 Saint-Sorlin d&#039;Arves\",\"potentialAction\":[{\"@type\":\"SearchAction\",\"target\":{\"@type\":\"EntryPoint\",\"urlTemplate\":\"https:\\\/\\\/www.chaletbonamour.com\\\/?s={search_term_string}\"},\"query-input\":{\"@type\":\"PropertyValueSpecification\",\"valueRequired\":true,\"valueName\":\"search_term_string\"}}],\"inLanguage\":\"de\"}]}<\/script>\n<!-- \/ Yoast SEO plugin. -->","yoast_head_json":{"title":"Chalet in Savoie (Saint Sorlin d'Arves) | Chalet Bon Amour","robots":{"index":"index","follow":"follow","max-snippet":"max-snippet:-1","max-image-preview":"max-image-preview:large","max-video-preview":"max-video-preview:-1"},"canonical":"https:\/\/www.chaletbonamour.com\/","og_locale":"de_DE","og_type":"article","og_title":"Chalet in Savoie (Saint Sorlin d'Arves) | Chalet Bon Amour","og_description":"Gem\u00fctliches &amp; Komfortables Berghaus in Savoie.Wir freuen uns, Sie in unserem dreist\u00f6ckigen Chalet w\u00e4hrend der Skisaison, aber auch das ganze Jahr \u00fcber begr\u00fc\u00dfen zu d\u00fcrfen. Es befindet sich in dem typischen Dorf St Sorlin d'Arves in Savoie und erm\u00f6glicht Ihnen einen einfachen Zugang zum Skigebiet von Sybelles..Weitere Informationen","og_url":"https:\/\/www.chaletbonamour.com\/","og_site_name":"Chalet Bon Amour","article_modified_time":"2023-01-26T13:31:14+00:00","twitter_card":"summary_large_image","schema":{"@context":"https:\/\/schema.org","@graph":[{"@type":"WebPage","@id":"https:\/\/www.chaletbonamour.com\/","url":"https:\/\/www.chaletbonamour.com\/","name":"Chalet in Savoie (Saint Sorlin d'Arves) | Chalet Bon Amour","isPartOf":{"@id":"https:\/\/www.chaletbonamour.com\/#website"},"datePublished":"2021-10-19T15:50:47+00:00","dateModified":"2023-01-26T13:31:14+00:00","breadcrumb":{"@id":"https:\/\/www.chaletbonamour.com\/#breadcrumb"},"inLanguage":"de","potentialAction":[{"@type":"ReadAction","target":["https:\/\/www.chaletbonamour.com\/"]}]},{"@type":"BreadcrumbList","@id":"https:\/\/www.chaletbonamour.com\/#breadcrumb","itemListElement":[{"@type":"ListItem","position":1,"name":"Accueil","item":"https:\/\/www.chaletbonamour.com\/"},{"@type":"ListItem","position":2,"name":"Chalet in Savoie (Saint Sorlin d&rsquo;Arves)"}]},{"@type":"WebSite","@id":"https:\/\/www.chaletbonamour.com\/#website","url":"https:\/\/www.chaletbonamour.com\/","name":"Chalet Bon Amour","description":"Location d&#039;un chalet meubl\u00e9 \u00e0 Saint-Sorlin d&#039;Arves","potentialAction":[{"@type":"SearchAction","target":{"@type":"EntryPoint","urlTemplate":"https:\/\/www.chaletbonamour.com\/?s={search_term_string}"},"query-input":{"@type":"PropertyValueSpecification","valueRequired":true,"valueName":"search_term_string"}}],"inLanguage":"de"}]}},"_links":{"self":[{"href":"https:\/\/www.chaletbonamour.com\/de\/wp-json\/wp\/v2\/pages\/699","targetHints":{"allow":["GET"]}}],"collection":[{"href":"https:\/\/www.chaletbonamour.com\/de\/wp-json\/wp\/v2\/pages"}],"about":[{"href":"https:\/\/www.chaletbonamour.com\/de\/wp-json\/wp\/v2\/types\/page"}],"author":[{"embeddable":true,"href":"https:\/\/www.chaletbonamour.com\/de\/wp-json\/wp\/v2\/users\/2"}],"replies":[{"embeddable":true,"href":"https:\/\/www.chaletbonamour.com\/de\/wp-json\/wp\/v2\/comments?post=699"}],"version-history":[{"count":9,"href":"https:\/\/www.chaletbonamour.com\/de\/wp-json\/wp\/v2\/pages\/699\/revisions"}],"predecessor-version":[{"id":726,"href":"https:\/\/www.chaletbonamour.com\/de\/wp-json\/wp\/v2\/pages\/699\/revisions\/726"}],"wp:attachment":[{"href":"https:\/\/www.chaletbonamour.com\/de\/wp-json\/wp\/v2\/media?parent=699"}],"curies":[{"name":"wp","href":"https:\/\/api.w.org\/{rel}","templated":true}]}}